{"id":982,"date":"2021-11-16T11:06:11","date_gmt":"2021-11-16T11:06:11","guid":{"rendered":"https:\/\/www.economyhotel.ee\/pakkumised\/"},"modified":"2022-11-30T14:00:34","modified_gmt":"2022-11-30T14:00:34","slug":"pakkumised","status":"publish","type":"page","link":"https:\/\/economyhotel.ee\/fi\/pakkumised\/","title":{"rendered":"TARJOUKSET"},"content":{"rendered":"\n<div class=\"wp-block-cover alignfull\"><span aria-hidden=\"true\" class=\"wp-block-cover__background has-background-dim-10 has-background-dim\"><\/span><img loading=\"lazy\" decoding=\"async\" width=\"2048\" height=\"1367\" class=\"wp-block-cover__image-background wp-image-621\" alt=\"\" src=\"https:\/\/www.economyhotel.ee\/wp-content\/uploads\/2021\/11\/economy_hotel_info.jpg\" data-object-fit=\"cover\" srcset=\"https:\/\/economyhotel.ee\/wp-content\/uploads\/2021\/11\/economy_hotel_info.jpg 2048w, https:\/\/economyhotel.ee\/wp-content\/uploads\/2021\/11\/economy_hotel_info-300x200.jpg 300w, https:\/\/economyhotel.ee\/wp-content\/uploads\/2021\/11\/economy_hotel_info-1024x684.jpg 1024w, https:\/\/economyhotel.ee\/wp-content\/uploads\/2021\/11\/economy_hotel_info-768x513.jpg 768w, https:\/\/economyhotel.ee\/wp-content\/uploads\/2021\/11\/economy_hotel_info-1536x1025.jpg 1536w, https:\/\/economyhotel.ee\/wp-content\/uploads\/2021\/11\/economy_hotel_info-1568x1047.jpg 1568w\" sizes=\"auto, (max-width: 2048px) 100vw, 2048px\" \/><div class=\"wp-block-cover__inner-container is-layout-flow wp-block-cover-is-layout-flow\">\n<h1 class=\"has-text-align-center wp-block-heading\">TARJOUKSET<\/h1>\n<\/div><\/div>\n\n\n\n<div style=\"height:5px\" aria-hidden=\"true\" class=\"wp-block-spacer\"><\/div>\n\n\n\n<div class=\"wp-block-columns alignwide are-vertically-aligned-top has-background is-layout-flex wp-container-core-columns-is-layout-9d6595d7 wp-block-columns-is-layout-flex\" style=\"background-color:#eadbd7\">\n<div class=\"wp-block-column is-vertically-aligned-top is-layout-flow wp-block-column-is-layout-flow\">\n<div class=\"wp-block-columns is-layout-flex wp-container-core-columns-is-layout-9d6595d7 wp-block-columns-is-layout-flex\">\n<div class=\"wp-block-column is-layout-flow wp-block-column-is-layout-flow\">\n<div class=\"wp-block-columns is-layout-flex wp-container-core-columns-is-layout-9d6595d7 wp-block-columns-is-layout-flex\">\n<div class=\"wp-block-column is-layout-flow wp-block-column-is-layout-flow\">\n<figure class=\"wp-block-image size-large\"><img loading=\"lazy\" decoding=\"async\" width=\"1024\" height=\"684\" src=\"https:\/\/www.economyhotel.ee\/wp-content\/uploads\/2021\/12\/double_5_economy_hotel-1024x684.jpg\" alt=\"\" class=\"wp-image-825\" srcset=\"https:\/\/economyhotel.ee\/wp-content\/uploads\/2021\/12\/double_5_economy_hotel-1024x684.jpg 1024w, https:\/\/economyhotel.ee\/wp-content\/uploads\/2021\/12\/double_5_economy_hotel-300x200.jpg 300w, https:\/\/economyhotel.ee\/wp-content\/uploads\/2021\/12\/double_5_economy_hotel-768x513.jpg 768w, https:\/\/economyhotel.ee\/wp-content\/uploads\/2021\/12\/double_5_economy_hotel-1536x1025.jpg 1536w, https:\/\/economyhotel.ee\/wp-content\/uploads\/2021\/12\/double_5_economy_hotel-1568x1047.jpg 1568w, https:\/\/economyhotel.ee\/wp-content\/uploads\/2021\/12\/double_5_economy_hotel.jpg 2048w\" sizes=\"auto, (max-width: 1024px) 100vw, 1024px\" \/><\/figure>\n\n\n\n<h2 class=\"wp-block-heading\"><strong>MAJOITUS SUNNUNTAISTA-TORSTAIHIN 160\u20ac<\/strong><\/h2>\n\n\n\n<p class=\"has-text-align-left\">Hintaan sis\u00e4ltyy:<\/p>\n\n\n\n<ul class=\"wp-block-list\">\n<li>Majoitus Economy huoneessa<\/li>\n\n\n\n<li>Aikainen sis\u00e4\u00e4nkirjoitus<\/li>\n\n\n\n<li>Wi-Fi<\/li>\n\n\n\n<li>Pys\u00e4k\u00f6inti Europark Vana-Kalamaja 4 parkkipaikassa<\/li>\n<\/ul>\n\n\n\n<p>Lis\u00e4vaihtoehtoja: Standard huoneen lis\u00e4maksu 10\u20ac\/ y\u00f6.<\/p>\n\n\n\n<p><strong>Tarjous on voimassa 14.04.2022 asti. <\/strong><\/p>\n\n\n\n<p>Joka viikko rajoitettu m\u00e4\u00e4r\u00e4 huoneitta myynniss\u00e4.<\/p>\n\n\n\n<div class=\"wp-block-buttons is-layout-flex wp-block-buttons-is-layout-flex\">\n<div class=\"wp-block-button\"><a class=\"wp-block-button__link has-text-color has-background wp-element-button\" href=\"https:\/\/bouk.io\/booking\/economy\/347\/rooms?language=et&amp;adults=1&amp;weekday=sunday&amp;nights=4\" style=\"color:#ffffff;background-color:#6f6c9e\" target=\"_blank\" rel=\"noreferrer noopener\">VARAA<\/a><\/div>\n<\/div>\n<\/div>\n<\/div>\n<\/div>\n<\/div>\n<\/div>\n\n\n\n<div class=\"wp-block-column is-vertically-aligned-top is-layout-flow wp-block-column-is-layout-flow\">\n<figure class=\"wp-block-image size-large\"><img loading=\"lazy\" decoding=\"async\" width=\"1024\" height=\"684\" src=\"https:\/\/www.economyhotel.ee\/wp-content\/uploads\/2021\/12\/double_8_economy_hotel-1024x684.jpg\" alt=\"\" class=\"wp-image-735\" srcset=\"https:\/\/economyhotel.ee\/wp-content\/uploads\/2021\/12\/double_8_economy_hotel-1024x684.jpg 1024w, https:\/\/economyhotel.ee\/wp-content\/uploads\/2021\/12\/double_8_economy_hotel-300x200.jpg 300w, https:\/\/economyhotel.ee\/wp-content\/uploads\/2021\/12\/double_8_economy_hotel-768x513.jpg 768w, https:\/\/economyhotel.ee\/wp-content\/uploads\/2021\/12\/double_8_economy_hotel-1536x1026.jpg 1536w, https:\/\/economyhotel.ee\/wp-content\/uploads\/2021\/12\/double_8_economy_hotel-2048x1367.jpg 2048w, https:\/\/economyhotel.ee\/wp-content\/uploads\/2021\/12\/double_8_economy_hotel-1568x1047.jpg 1568w\" sizes=\"auto, (max-width: 1024px) 100vw, 1024px\" \/><\/figure>\n\n\n\n<h2 class=\"wp-block-heading\"><strong>MAJOITUS KAHDELLE PERJANTAISTA &#8211;  SUNNUNTAIHIN 90\u20ac<\/strong><\/h2>\n\n\n\n<p class=\"has-text-align-left\">Hintaan sis\u00e4ltyy<\/p>\n\n\n\n<ul class=\"wp-block-list\">\n<li>Majoitus Economy huoneessa<\/li>\n\n\n\n<li>Aikainen sis\u00e4\u00e4nkirjoitus<\/li>\n\n\n\n<li>Wi-Fi<\/li>\n\n\n\n<li>Pys\u00e4k\u00f6inti Europark Vana-Kalamaja 4 parkkipaikassa.<\/li>\n<\/ul>\n\n\n\n<p>Lis\u00e4vaihtoehtoja: Standard huoneen lis\u00e4maksu 10\u20ac\/ y\u00f6.<\/p>\n\n\n\n<p><strong>Tarjous on voimassa 14.04.2022 asti. <\/strong><\/p>\n\n\n\n<p>Joka viikko rajoitettu m\u00e4\u00e4r\u00e4 huoneitta myynniss\u00e4.<\/p>\n\n\n\n<div class=\"wp-block-buttons is-layout-flex wp-block-buttons-is-layout-flex\">\n<div class=\"wp-block-button\"><a class=\"wp-block-button__link has-text-color has-background wp-element-button\" href=\"https:\/\/bouk.io\/booking\/economy\/347\/rooms?language=et&amp;adults=2&amp;weekday=friday&amp;nights=2\" style=\"color:#ffffff;background-color:#6f6c9e\" target=\"_blank\" rel=\"noreferrer noopener\">VARAA<\/a><\/div>\n<\/div>\n<\/div>\n\n\n\n<div class=\"wp-block-column is-vertically-aligned-top is-layout-flow wp-block-column-is-layout-flow\">\n<figure class=\"wp-block-image size-large\"><img loading=\"lazy\" decoding=\"async\" width=\"1024\" height=\"684\" src=\"https:\/\/www.economyhotel.ee\/wp-content\/uploads\/2021\/12\/double_2_economy_hotel-1-1024x684.jpg\" alt=\"\" class=\"wp-image-821\" srcset=\"https:\/\/economyhotel.ee\/wp-content\/uploads\/2021\/12\/double_2_economy_hotel-1-1024x684.jpg 1024w, https:\/\/economyhotel.ee\/wp-content\/uploads\/2021\/12\/double_2_economy_hotel-1-300x200.jpg 300w, https:\/\/economyhotel.ee\/wp-content\/uploads\/2021\/12\/double_2_economy_hotel-1-768x513.jpg 768w, https:\/\/economyhotel.ee\/wp-content\/uploads\/2021\/12\/double_2_economy_hotel-1-1536x1025.jpg 1536w, https:\/\/economyhotel.ee\/wp-content\/uploads\/2021\/12\/double_2_economy_hotel-1-1568x1047.jpg 1568w, https:\/\/economyhotel.ee\/wp-content\/uploads\/2021\/12\/double_2_economy_hotel-1.jpg 2048w\" sizes=\"auto, (max-width: 1024px) 100vw, 1024px\" \/><\/figure>\n\n\n\n<h2 class=\"wp-block-heading\"><strong>MAJOITUS YHDELLE PERJANTAISTA &#8211; SUNNUNTAIHIN 75\u20ac<\/strong><\/h2>\n\n\n\n<p class=\"has-text-align-left\">Hintaan sis\u00e4ltyy:<\/p>\n\n\n\n<ul class=\"wp-block-list\">\n<li>Majoitus Economy huoneessa<\/li>\n\n\n\n<li>Aikainen sis\u00e4\u00e4nkirjoitus<\/li>\n\n\n\n<li>Wi-Fi<\/li>\n\n\n\n<li>Pys\u00e4k\u00f6inti Europark Vana-Kalamaja 4 parkkipaikassa.<\/li>\n<\/ul>\n\n\n\n<p>Lis\u00e4vaihtoehtoja: Standard huoneen lis\u00e4maksu 5\u20ac\/ y\u00f6..<\/p>\n\n\n\n<p><strong>Tarjous on voimassa 14.04.2022 asti. <\/strong><\/p>\n\n\n\n<p>Joka viikko rajoitettu m\u00e4\u00e4r\u00e4 huoneitta myynniss\u00e4.<\/p>\n\n\n\n<div class=\"wp-block-buttons is-layout-flex wp-block-buttons-is-layout-flex\">\n<div class=\"wp-block-button\"><a class=\"wp-block-button__link has-text-color has-background wp-element-button\" href=\"https:\/\/bouk.io\/booking\/economy\/347\/rooms?language=et&amp;adults=1&amp;weekday=friday&amp;nights=2\" style=\"color:#ffffff;background-color:#6f6c9e\" target=\"_blank\" rel=\"noreferrer noopener\">VARAA<\/a><\/div>\n<\/div>\n<\/div>\n<\/div>\n\n\n\n<p><\/p>\n","protected":false},"excerpt":{"rendered":"<p>MAJOITUS SUNNUNTAISTA-TORSTAIHIN 160\u20ac Hintaan sis\u00e4ltyy: Lis\u00e4vaihtoehtoja: Standard huoneen lis\u00e4maksu 10\u20ac\/ y\u00f6. Tarjous on voimassa 14.04.2022 asti. Joka viikko rajoitettu m\u00e4\u00e4r\u00e4 huoneitta myynniss\u00e4. MAJOITUS KAHDELLE PERJANTAISTA &#8211; SUNNUNTAIHIN 90\u20ac Hintaan sis\u00e4ltyy Lis\u00e4vaihtoehtoja: Standard huoneen lis\u00e4maksu 10\u20ac\/ y\u00f6. Tarjous on voimassa 14.04.2022 asti. Joka viikko rajoitettu m\u00e4\u00e4r\u00e4 huoneitta myynniss\u00e4. MAJOITUS YHDELLE PERJANTAISTA &#8211; SUNNUNTAIHIN 75\u20ac Hintaan sis\u00e4ltyy: [&hellip;]<\/p>\n","protected":false},"author":2,"featured_media":0,"parent":0,"menu_order":0,"comment_status":"closed","ping_status":"closed","template":"","meta":{"inline_featured_image":false,"footnotes":""},"class_list":["post-982","page","type-page","status-publish","hentry"],"yoast_head":"<!-- This site is optimized with the Yoast SEO plugin v27.4 - https:\/\/yoast.com\/product\/yoast-seo-wordpress\/ -->\n<title>TARJOUKSET - Economy hotell<\/title>\n<meta name=\"robots\" content=\"index, follow, max-snippet:-1, max-image-preview:large, max-video-preview:-1\" \/>\n<link rel=\"canonical\" href=\"https:\/\/economyhotel.ee\/fi\/pakkumised\/\" \/>\n<meta property=\"og:locale\" content=\"fi_FI\" \/>\n<meta property=\"og:type\" content=\"article\" \/>\n<meta property=\"og:title\" content=\"TARJOUKSET - Economy hotell\" \/>\n<meta property=\"og:description\" content=\"MAJOITUS SUNNUNTAISTA-TORSTAIHIN 160\u20ac Hintaan sis\u00e4ltyy: Lis\u00e4vaihtoehtoja: Standard huoneen lis\u00e4maksu 10\u20ac\/ y\u00f6. Tarjous on voimassa 14.04.2022 asti. Joka viikko rajoitettu m\u00e4\u00e4r\u00e4 huoneitta myynniss\u00e4. MAJOITUS KAHDELLE PERJANTAISTA &#8211; SUNNUNTAIHIN 90\u20ac Hintaan sis\u00e4ltyy Lis\u00e4vaihtoehtoja: Standard huoneen lis\u00e4maksu 10\u20ac\/ y\u00f6. Tarjous on voimassa 14.04.2022 asti. Joka viikko rajoitettu m\u00e4\u00e4r\u00e4 huoneitta myynniss\u00e4. MAJOITUS YHDELLE PERJANTAISTA &#8211; SUNNUNTAIHIN 75\u20ac Hintaan sis\u00e4ltyy: [&hellip;]\" \/>\n<meta property=\"og:url\" content=\"https:\/\/economyhotel.ee\/fi\/pakkumised\/\" \/>\n<meta property=\"og:site_name\" content=\"Economy hotell\" \/>\n<meta property=\"article:modified_time\" content=\"2022-11-30T14:00:34+00:00\" \/>\n<meta property=\"og:image\" content=\"https:\/\/www.economyhotel.ee\/wp-content\/uploads\/2021\/11\/economy_hotel_info.jpg\" \/>\n<meta name=\"twitter:card\" content=\"summary_large_image\" \/>\n<meta name=\"twitter:label1\" content=\"Arvioitu lukuaika\" \/>\n\t<meta name=\"twitter:data1\" content=\"1 minuutti\" \/>\n<script type=\"application\/ld+json\" class=\"yoast-schema-graph\">{\"@context\":\"https:\\\/\\\/schema.org\",\"@graph\":[{\"@type\":\"WebPage\",\"@id\":\"https:\\\/\\\/economyhotel.ee\\\/fi\\\/pakkumised\\\/\",\"url\":\"https:\\\/\\\/economyhotel.ee\\\/fi\\\/pakkumised\\\/\",\"name\":\"TARJOUKSET - Economy hotell\",\"isPartOf\":{\"@id\":\"https:\\\/\\\/economyhotel.ee\\\/#website\"},\"primaryImageOfPage\":{\"@id\":\"https:\\\/\\\/economyhotel.ee\\\/fi\\\/pakkumised\\\/#primaryimage\"},\"image\":{\"@id\":\"https:\\\/\\\/economyhotel.ee\\\/fi\\\/pakkumised\\\/#primaryimage\"},\"thumbnailUrl\":\"https:\\\/\\\/www.economyhotel.ee\\\/wp-content\\\/uploads\\\/2021\\\/11\\\/economy_hotel_info.jpg\",\"datePublished\":\"2021-11-16T11:06:11+00:00\",\"dateModified\":\"2022-11-30T14:00:34+00:00\",\"breadcrumb\":{\"@id\":\"https:\\\/\\\/economyhotel.ee\\\/fi\\\/pakkumised\\\/#breadcrumb\"},\"inLanguage\":\"fi\",\"potentialAction\":[{\"@type\":\"ReadAction\",\"target\":[\"https:\\\/\\\/economyhotel.ee\\\/fi\\\/pakkumised\\\/\"]}]},{\"@type\":\"ImageObject\",\"inLanguage\":\"fi\",\"@id\":\"https:\\\/\\\/economyhotel.ee\\\/fi\\\/pakkumised\\\/#primaryimage\",\"url\":\"https:\\\/\\\/www.economyhotel.ee\\\/wp-content\\\/uploads\\\/2021\\\/11\\\/economy_hotel_info.jpg\",\"contentUrl\":\"https:\\\/\\\/www.economyhotel.ee\\\/wp-content\\\/uploads\\\/2021\\\/11\\\/economy_hotel_info.jpg\"},{\"@type\":\"BreadcrumbList\",\"@id\":\"https:\\\/\\\/economyhotel.ee\\\/fi\\\/pakkumised\\\/#breadcrumb\",\"itemListElement\":[{\"@type\":\"ListItem\",\"position\":1,\"name\":\"Home\",\"item\":\"https:\\\/\\\/www.economyhotel.ee\\\/fi\\\/\"},{\"@type\":\"ListItem\",\"position\":2,\"name\":\"TARJOUKSET\"}]},{\"@type\":\"WebSite\",\"@id\":\"https:\\\/\\\/economyhotel.ee\\\/#website\",\"url\":\"https:\\\/\\\/economyhotel.ee\\\/\",\"name\":\"Economy hotell\",\"description\":\"Economy Hotell Tallinn\",\"potentialAction\":[{\"@type\":\"SearchAction\",\"target\":{\"@type\":\"EntryPoint\",\"urlTemplate\":\"https:\\\/\\\/economyhotel.ee\\\/?s={search_term_string}\"},\"query-input\":{\"@type\":\"PropertyValueSpecification\",\"valueRequired\":true,\"valueName\":\"search_term_string\"}}],\"inLanguage\":\"fi\"}]}<\/script>\n<!-- \/ Yoast SEO plugin. -->","yoast_head_json":{"title":"TARJOUKSET - Economy hotell","robots":{"index":"index","follow":"follow","max-snippet":"max-snippet:-1","max-image-preview":"max-image-preview:large","max-video-preview":"max-video-preview:-1"},"canonical":"https:\/\/economyhotel.ee\/fi\/pakkumised\/","og_locale":"fi_FI","og_type":"article","og_title":"TARJOUKSET - Economy hotell","og_description":"MAJOITUS SUNNUNTAISTA-TORSTAIHIN 160\u20ac Hintaan sis\u00e4ltyy: Lis\u00e4vaihtoehtoja: Standard huoneen lis\u00e4maksu 10\u20ac\/ y\u00f6. Tarjous on voimassa 14.04.2022 asti. Joka viikko rajoitettu m\u00e4\u00e4r\u00e4 huoneitta myynniss\u00e4. MAJOITUS KAHDELLE PERJANTAISTA &#8211; SUNNUNTAIHIN 90\u20ac Hintaan sis\u00e4ltyy Lis\u00e4vaihtoehtoja: Standard huoneen lis\u00e4maksu 10\u20ac\/ y\u00f6. Tarjous on voimassa 14.04.2022 asti. Joka viikko rajoitettu m\u00e4\u00e4r\u00e4 huoneitta myynniss\u00e4. MAJOITUS YHDELLE PERJANTAISTA &#8211; SUNNUNTAIHIN 75\u20ac Hintaan sis\u00e4ltyy: [&hellip;]","og_url":"https:\/\/economyhotel.ee\/fi\/pakkumised\/","og_site_name":"Economy hotell","article_modified_time":"2022-11-30T14:00:34+00:00","og_image":[{"url":"https:\/\/www.economyhotel.ee\/wp-content\/uploads\/2021\/11\/economy_hotel_info.jpg","type":"","width":"","height":""}],"twitter_card":"summary_large_image","twitter_misc":{"Arvioitu lukuaika":"1 minuutti"},"schema":{"@context":"https:\/\/schema.org","@graph":[{"@type":"WebPage","@id":"https:\/\/economyhotel.ee\/fi\/pakkumised\/","url":"https:\/\/economyhotel.ee\/fi\/pakkumised\/","name":"TARJOUKSET - Economy hotell","isPartOf":{"@id":"https:\/\/economyhotel.ee\/#website"},"primaryImageOfPage":{"@id":"https:\/\/economyhotel.ee\/fi\/pakkumised\/#primaryimage"},"image":{"@id":"https:\/\/economyhotel.ee\/fi\/pakkumised\/#primaryimage"},"thumbnailUrl":"https:\/\/www.economyhotel.ee\/wp-content\/uploads\/2021\/11\/economy_hotel_info.jpg","datePublished":"2021-11-16T11:06:11+00:00","dateModified":"2022-11-30T14:00:34+00:00","breadcrumb":{"@id":"https:\/\/economyhotel.ee\/fi\/pakkumised\/#breadcrumb"},"inLanguage":"fi","potentialAction":[{"@type":"ReadAction","target":["https:\/\/economyhotel.ee\/fi\/pakkumised\/"]}]},{"@type":"ImageObject","inLanguage":"fi","@id":"https:\/\/economyhotel.ee\/fi\/pakkumised\/#primaryimage","url":"https:\/\/www.economyhotel.ee\/wp-content\/uploads\/2021\/11\/economy_hotel_info.jpg","contentUrl":"https:\/\/www.economyhotel.ee\/wp-content\/uploads\/2021\/11\/economy_hotel_info.jpg"},{"@type":"BreadcrumbList","@id":"https:\/\/economyhotel.ee\/fi\/pakkumised\/#breadcrumb","itemListElement":[{"@type":"ListItem","position":1,"name":"Home","item":"https:\/\/www.economyhotel.ee\/fi\/"},{"@type":"ListItem","position":2,"name":"TARJOUKSET"}]},{"@type":"WebSite","@id":"https:\/\/economyhotel.ee\/#website","url":"https:\/\/economyhotel.ee\/","name":"Economy hotell","description":"Economy Hotell Tallinn","potentialAction":[{"@type":"SearchAction","target":{"@type":"EntryPoint","urlTemplate":"https:\/\/economyhotel.ee\/?s={search_term_string}"},"query-input":{"@type":"PropertyValueSpecification","valueRequired":true,"valueName":"search_term_string"}}],"inLanguage":"fi"}]}},"_links":{"self":[{"href":"https:\/\/economyhotel.ee\/fi\/wp-json\/wp\/v2\/pages\/982","targetHints":{"allow":["GET"]}}],"collection":[{"href":"https:\/\/economyhotel.ee\/fi\/wp-json\/wp\/v2\/pages"}],"about":[{"href":"https:\/\/economyhotel.ee\/fi\/wp-json\/wp\/v2\/types\/page"}],"author":[{"embeddable":true,"href":"https:\/\/economyhotel.ee\/fi\/wp-json\/wp\/v2\/users\/2"}],"replies":[{"embeddable":true,"href":"https:\/\/economyhotel.ee\/fi\/wp-json\/wp\/v2\/comments?post=982"}],"version-history":[{"count":5,"href":"https:\/\/economyhotel.ee\/fi\/wp-json\/wp\/v2\/pages\/982\/revisions"}],"predecessor-version":[{"id":1620,"href":"https:\/\/economyhotel.ee\/fi\/wp-json\/wp\/v2\/pages\/982\/revisions\/1620"}],"wp:attachment":[{"href":"https:\/\/economyhotel.ee\/fi\/wp-json\/wp\/v2\/media?parent=982"}],"curies":[{"name":"wp","href":"https:\/\/api.w.org\/{rel}","templated":true}]}}