{"id":970,"date":"2021-11-15T14:52:47","date_gmt":"2021-11-15T14:52:47","guid":{"rendered":"https:\/\/www.economyhotel.ee\/avaleht\/"},"modified":"2023-07-10T12:13:14","modified_gmt":"2023-07-10T12:13:14","slug":"avaleht","status":"publish","type":"page","link":"https:\/\/economyhotel.ee\/fi\/","title":{"rendered":"ETUSIVU"},"content":{"rendered":"\n<div class=\"wp-block-cover alignfull has-full-height-bg\" style=\"min-height:100vh;aspect-ratio:unset;\"><span aria-hidden=\"true\" class=\"wp-block-cover__background has-background-dim-0 has-background-dim\"><\/span><img loading=\"lazy\" decoding=\"async\" width=\"1920\" height=\"1306\" class=\"wp-block-cover__image-background wp-image-26\" alt=\"\" src=\"https:\/\/www.economyhotel.ee\/wp-content\/uploads\/2021\/11\/Tallinn-Christmas-Market_Sergei-Zjuganov.jpg\" style=\"object-position:48% 28%\" data-object-fit=\"cover\" data-object-position=\"48% 28%\" srcset=\"https:\/\/economyhotel.ee\/wp-content\/uploads\/2021\/11\/Tallinn-Christmas-Market_Sergei-Zjuganov.jpg 1920w, https:\/\/economyhotel.ee\/wp-content\/uploads\/2021\/11\/Tallinn-Christmas-Market_Sergei-Zjuganov-300x204.jpg 300w, https:\/\/economyhotel.ee\/wp-content\/uploads\/2021\/11\/Tallinn-Christmas-Market_Sergei-Zjuganov-1024x697.jpg 1024w, https:\/\/economyhotel.ee\/wp-content\/uploads\/2021\/11\/Tallinn-Christmas-Market_Sergei-Zjuganov-768x522.jpg 768w, https:\/\/economyhotel.ee\/wp-content\/uploads\/2021\/11\/Tallinn-Christmas-Market_Sergei-Zjuganov-1536x1045.jpg 1536w, https:\/\/economyhotel.ee\/wp-content\/uploads\/2021\/11\/Tallinn-Christmas-Market_Sergei-Zjuganov-1568x1067.jpg 1568w\" sizes=\"auto, (max-width: 1920px) 100vw, 1920px\" \/><div class=\"wp-block-cover__inner-container is-layout-flow wp-block-cover-is-layout-flow\">\n<h1 class=\"has-text-align-center wp-block-heading\" style=\"font-size:46px\"><strong>PIENI HELMI TALLINNAN VANHANKAUPUNKIN VIERESS\u00c4<\/strong><\/h1>\n\n\n\n<p><\/p>\n<\/div><\/div>\n\n\n        <div class=\"booking subpage\">\n        <div class=\"booking-content clearfix\">\n            <div class=\"booking-block\">\n                <span>Tulo<\/span>\n                <input type=\"text\" id=\"checkin\" class=\"bdatepicker\" title=\"Arrival\">\n                <span class=\"checkin-month\"><\/span>\n            <\/div>\n            <div class=\"booking-block\">\n                <span>L\u00e4hto<\/span>\n                <input type=\"text\" id=\"checkout\" class=\"bdatepicker\" title=\"Departure\">\n                <span class=\"checkout-month\"><\/span>\n            <\/div>\n            <div class=\"booking-block noborder\">\n                <span>kuinka monta<\/span>\n                <input type=\"text\" id=\"adults\" class=\"people\" value=\"2\" title=\"How many persons?\">\n                <span>vierasta<\/span>\n            <\/div>\n            <a href=\"https:\/\/bouk.io\/booking\/economy\/347\/rooms?language=fi\" class=\"btn btn-dark booking-button booking-block noborder\">Etsi<\/a>\n        <\/div>\n    <\/div> <!-- #booking -->\n        \n\n\n<div class=\"wp-block-columns is-layout-flex wp-container-core-columns-is-layout-9d6595d7 wp-block-columns-is-layout-flex\">\n<div class=\"wp-block-column is-layout-flow wp-block-column-is-layout-flow\" style=\"flex-basis:100%\">\n<div class=\"wp-block-columns is-layout-flex wp-container-core-columns-is-layout-9d6595d7 wp-block-columns-is-layout-flex\">\n<div class=\"wp-block-column is-layout-flow wp-block-column-is-layout-flow\" style=\"flex-basis:100%\">\n<div class=\"wp-block-columns alignwide is-layout-flex wp-container-core-columns-is-layout-9d6595d7 wp-block-columns-is-layout-flex\">\n<div class=\"wp-block-column is-vertically-aligned-center is-layout-flow wp-block-column-is-layout-flow\">\n<div class=\"wp-block-columns is-layout-flex wp-container-core-columns-is-layout-9d6595d7 wp-block-columns-is-layout-flex\">\n<div class=\"wp-block-column is-layout-flow wp-block-column-is-layout-flow\">\n<div class=\"wp-block-columns is-layout-flex wp-container-core-columns-is-layout-9d6595d7 wp-block-columns-is-layout-flex\">\n<div class=\"wp-block-column is-layout-flow wp-block-column-is-layout-flow\">\n<div class=\"wp-block-columns is-layout-flex wp-container-core-columns-is-layout-9d6595d7 wp-block-columns-is-layout-flex\">\n<div class=\"wp-block-column is-layout-flow wp-block-column-is-layout-flow\">\n<p> <\/p>\n\n\n\n<div style=\"height:30px\" aria-hidden=\"true\" class=\"wp-block-spacer\"><\/div>\n\n\n\n<p class=\"has-text-align-center has-medium-font-size\">Economy Hotel on ymp\u00e4rist\u00f6yst\u00e4v\u00e4llinen pieni hotelli Kalamajassa, vanhankaupungin, uudistuneen Balti Jaaman torin ja Telliskiven luovan kampuksen v\u00e4litt\u00f6m\u00e4ss\u00e4 l\u00e4heisyydess\u00e4. <\/p>\n\n\n\n<div style=\"height:20px\" aria-hidden=\"true\" class=\"wp-block-spacer\"><\/div>\n<\/div>\n<\/div>\n<\/div>\n<\/div>\n<\/div>\n<\/div>\n<\/div>\n<\/div>\n\n\n\n<hr class=\"wp-block-separator has-css-opacity alignwide\"\/>\n<\/div>\n<\/div>\n<\/div>\n<\/div>\n\n\n\n<div class=\"wp-block-columns alignfull is-layout-flex wp-container-core-columns-is-layout-9d6595d7 wp-block-columns-is-layout-flex\">\n<div class=\"wp-block-column is-vertically-aligned-center is-layout-flow wp-block-column-is-layout-flow\">\n<figure class=\"wp-block-gallery has-nested-images columns-default is-cropped wp-block-gallery-1 is-layout-flex wp-block-gallery-is-layout-flex\">\n<figure class=\"wp-block-image size-large\"><img loading=\"lazy\" decoding=\"async\" width=\"1024\" height=\"684\" data-id=\"140\" src=\"https:\/\/www.economyhotel.ee\/wp-content\/uploads\/2021\/11\/twin_6_economy_hotel-1024x684.jpg\" alt=\"\" class=\"wp-image-140\" srcset=\"https:\/\/economyhotel.ee\/wp-content\/uploads\/2021\/11\/twin_6_economy_hotel-1024x684.jpg 1024w, https:\/\/economyhotel.ee\/wp-content\/uploads\/2021\/11\/twin_6_economy_hotel-300x200.jpg 300w, https:\/\/economyhotel.ee\/wp-content\/uploads\/2021\/11\/twin_6_economy_hotel-768x513.jpg 768w, https:\/\/economyhotel.ee\/wp-content\/uploads\/2021\/11\/twin_6_economy_hotel-1536x1026.jpg 1536w, https:\/\/economyhotel.ee\/wp-content\/uploads\/2021\/11\/twin_6_economy_hotel-2048x1367.jpg 2048w, https:\/\/economyhotel.ee\/wp-content\/uploads\/2021\/11\/twin_6_economy_hotel-1568x1047.jpg 1568w\" sizes=\"auto, (max-width: 1024px) 100vw, 1024px\" \/><\/figure>\n\n\n\n<figure class=\"wp-block-image size-large\"><img loading=\"lazy\" decoding=\"async\" width=\"1024\" height=\"684\" data-id=\"116\" src=\"https:\/\/www.economyhotel.ee\/wp-content\/uploads\/2021\/11\/triple_1_economy_hotel-1024x684.jpg\" alt=\"\" class=\"wp-image-116\" srcset=\"https:\/\/economyhotel.ee\/wp-content\/uploads\/2021\/11\/triple_1_economy_hotel-1024x684.jpg 1024w, https:\/\/economyhotel.ee\/wp-content\/uploads\/2021\/11\/triple_1_economy_hotel-300x200.jpg 300w, https:\/\/economyhotel.ee\/wp-content\/uploads\/2021\/11\/triple_1_economy_hotel-768x513.jpg 768w, https:\/\/economyhotel.ee\/wp-content\/uploads\/2021\/11\/triple_1_economy_hotel-1536x1025.jpg 1536w, https:\/\/economyhotel.ee\/wp-content\/uploads\/2021\/11\/triple_1_economy_hotel-1568x1047.jpg 1568w, https:\/\/economyhotel.ee\/wp-content\/uploads\/2021\/11\/triple_1_economy_hotel.jpg 2048w\" sizes=\"auto, (max-width: 1024px) 100vw, 1024px\" \/><\/figure>\n\n\n\n<figure class=\"wp-block-image size-large\"><img loading=\"lazy\" decoding=\"async\" width=\"1024\" height=\"684\" data-id=\"136\" src=\"https:\/\/www.economyhotel.ee\/wp-content\/uploads\/2021\/11\/twin_5_economy_hotel-1024x684.jpg\" alt=\"\" class=\"wp-image-136\" srcset=\"https:\/\/economyhotel.ee\/wp-content\/uploads\/2021\/11\/twin_5_economy_hotel-1024x684.jpg 1024w, https:\/\/economyhotel.ee\/wp-content\/uploads\/2021\/11\/twin_5_economy_hotel-300x200.jpg 300w, https:\/\/economyhotel.ee\/wp-content\/uploads\/2021\/11\/twin_5_economy_hotel-768x513.jpg 768w, https:\/\/economyhotel.ee\/wp-content\/uploads\/2021\/11\/twin_5_economy_hotel-1536x1025.jpg 1536w, https:\/\/economyhotel.ee\/wp-content\/uploads\/2021\/11\/twin_5_economy_hotel-1568x1047.jpg 1568w, https:\/\/economyhotel.ee\/wp-content\/uploads\/2021\/11\/twin_5_economy_hotel.jpg 2048w\" sizes=\"auto, (max-width: 1024px) 100vw, 1024px\" \/><\/figure>\n\n\n\n<figure class=\"wp-block-image size-large\"><img loading=\"lazy\" decoding=\"async\" width=\"1024\" height=\"684\" data-id=\"84\" src=\"https:\/\/www.economyhotel.ee\/wp-content\/uploads\/2021\/11\/double_2_economy_hotel-1024x684.jpg\" alt=\"\" class=\"wp-image-84\" srcset=\"https:\/\/economyhotel.ee\/wp-content\/uploads\/2021\/11\/double_2_economy_hotel-1024x684.jpg 1024w, https:\/\/economyhotel.ee\/wp-content\/uploads\/2021\/11\/double_2_economy_hotel-300x200.jpg 300w, https:\/\/economyhotel.ee\/wp-content\/uploads\/2021\/11\/double_2_economy_hotel-768x513.jpg 768w, https:\/\/economyhotel.ee\/wp-content\/uploads\/2021\/11\/double_2_economy_hotel-1536x1025.jpg 1536w, https:\/\/economyhotel.ee\/wp-content\/uploads\/2021\/11\/double_2_economy_hotel-1568x1047.jpg 1568w, https:\/\/economyhotel.ee\/wp-content\/uploads\/2021\/11\/double_2_economy_hotel.jpg 2048w\" sizes=\"auto, (max-width: 1024px) 100vw, 1024px\" \/><\/figure>\n\n\n\n<figure class=\"wp-block-image size-large\"><img loading=\"lazy\" decoding=\"async\" width=\"1024\" height=\"684\" data-id=\"80\" src=\"https:\/\/www.economyhotel.ee\/wp-content\/uploads\/2021\/11\/double_1_economy_hotel-1024x684.jpg\" alt=\"\" class=\"wp-image-80\" srcset=\"https:\/\/economyhotel.ee\/wp-content\/uploads\/2021\/11\/double_1_economy_hotel-1024x684.jpg 1024w, https:\/\/economyhotel.ee\/wp-content\/uploads\/2021\/11\/double_1_economy_hotel-300x200.jpg 300w, https:\/\/economyhotel.ee\/wp-content\/uploads\/2021\/11\/double_1_economy_hotel-768x513.jpg 768w, https:\/\/economyhotel.ee\/wp-content\/uploads\/2021\/11\/double_1_economy_hotel-1536x1025.jpg 1536w, https:\/\/economyhotel.ee\/wp-content\/uploads\/2021\/11\/double_1_economy_hotel-1568x1047.jpg 1568w, https:\/\/economyhotel.ee\/wp-content\/uploads\/2021\/11\/double_1_economy_hotel.jpg 2048w\" sizes=\"auto, (max-width: 1024px) 100vw, 1024px\" \/><\/figure>\n<\/figure>\n<\/div>\n\n\n\n<div class=\"wp-block-column is-vertically-aligned-center is-layout-flow wp-block-column-is-layout-flow\">\n<h2 class=\"has-text-align-center wp-block-heading\">HUONEET<\/h2>\n\n\n\n<p class=\"has-text-align-center\">Hotellin kolmessa kerroksessa on yhteensa 40 huonetta, joista on n\u00e4kym\u00e4t vanhaankaupunkiin, Kopli kadulle ja rakennuksen takapihalle. Kaikissa huoneissa on ilmainen Wi-Fi, ty\u00f6p\u00f6yt\u00e4, TV ja kylpyhuone suihkulla. Toisen kerroksen huoneissa on korkeat katot ja ikkunat, kolmannessa kerroksessa viisto katto ja pienemm\u00e4t ikkunat. Vanhat puulattiat ja ovet on pyritty s\u00e4ilytt\u00e4m\u00e4\u00e4n mahdollisuuksien mukaan. Hotellin vanhan i\u00e4n vuoksi rakennukseen p\u00e4\u00e4see portaita pitkin.<\/p>\n\n\n\n<div class=\"wp-block-buttons alignwide is-horizontal is-content-justification-center is-layout-flex wp-container-core-buttons-is-layout-499968f5 wp-block-buttons-is-layout-flex\">\n<div class=\"wp-block-button\"><a class=\"wp-block-button__link has-text-color has-background wp-element-button\" href=\"https:\/\/www.economyhotel.ee\/fi\/demoleht\/\" style=\"color:#ffffff;background-color:#6f6c9e\">LUE LIS\u00c4\u00c4<\/a><\/div>\n<\/div>\n\n\n\n<p><\/p>\n<\/div>\n<\/div>\n\n\n\n<hr class=\"wp-block-separator has-css-opacity\"\/>\n\n\n\n<div class=\"wp-block-columns alignwide is-layout-flex wp-container-core-columns-is-layout-9d6595d7 wp-block-columns-is-layout-flex\">\n<div class=\"wp-block-column is-vertically-aligned-center is-layout-flow wp-block-column-is-layout-flow\" style=\"flex-basis:33.33%\">\n<h2 class=\"has-text-align-center wp-block-heading\">TARJOUKSET<\/h2>\n\n\n\n<p class=\"has-text-align-left\">Meilt\u00e4 l\u00f6yd\u00e4t useita erilaisia \u200b\u200btarjouksia, jotta voit nauttia Tallinnasta ja kaikesta siihen liittyv\u00e4st\u00e4.<\/p>\n\n\n\n<p><\/p>\n\n\n\n<div class=\"wp-block-buttons is-horizontal is-content-justification-center is-layout-flex wp-container-core-buttons-is-layout-499968f5 wp-block-buttons-is-layout-flex\">\n<div class=\"wp-block-button has-custom-font-size has-normal-font-size\"><a class=\"wp-block-button__link has-text-color has-background wp-element-button\" href=\"https:\/\/www.economyhotel.ee\/fi\/pakkumised\/\" style=\"color:#ffffff;background-color:#6f6c9e\">LUE LIS\u00c4\u00c4<\/a><\/div>\n<\/div>\n\n\n\n<p><\/p>\n<\/div>\n\n\n\n<div class=\"wp-block-column is-layout-flow wp-block-column-is-layout-flow\" style=\"flex-basis:66.66%\">\n<figure class=\"wp-block-gallery has-nested-images columns-default is-cropped wp-block-gallery-2 is-layout-flex wp-block-gallery-is-layout-flex\">\n<figure class=\"wp-block-image size-large\"><img loading=\"lazy\" decoding=\"async\" width=\"1024\" height=\"576\" data-id=\"175\" src=\"https:\/\/www.economyhotel.ee\/wp-content\/uploads\/2021\/11\/Making-a-Video_Liina-Notta-1024x576.jpg\" alt=\"\" class=\"wp-image-175\" srcset=\"https:\/\/economyhotel.ee\/wp-content\/uploads\/2021\/11\/Making-a-Video_Liina-Notta-1024x576.jpg 1024w, https:\/\/economyhotel.ee\/wp-content\/uploads\/2021\/11\/Making-a-Video_Liina-Notta-300x169.jpg 300w, https:\/\/economyhotel.ee\/wp-content\/uploads\/2021\/11\/Making-a-Video_Liina-Notta-768x432.jpg 768w, https:\/\/economyhotel.ee\/wp-content\/uploads\/2021\/11\/Making-a-Video_Liina-Notta-1536x864.jpg 1536w, https:\/\/economyhotel.ee\/wp-content\/uploads\/2021\/11\/Making-a-Video_Liina-Notta-1568x882.jpg 1568w, https:\/\/economyhotel.ee\/wp-content\/uploads\/2021\/11\/Making-a-Video_Liina-Notta.jpg 1920w\" sizes=\"auto, (max-width: 1024px) 100vw, 1024px\" \/><\/figure>\n\n\n\n<figure class=\"wp-block-image size-large\"><img loading=\"lazy\" decoding=\"async\" width=\"683\" height=\"1024\" data-id=\"171\" src=\"https:\/\/www.economyhotel.ee\/wp-content\/uploads\/2021\/11\/Exciting-Tallinn-Old-Town-Adventure-game_Renee-Altrov-683x1024.jpg\" alt=\"\" class=\"wp-image-171\" srcset=\"https:\/\/economyhotel.ee\/wp-content\/uploads\/2021\/11\/Exciting-Tallinn-Old-Town-Adventure-game_Renee-Altrov-683x1024.jpg 683w, https:\/\/economyhotel.ee\/wp-content\/uploads\/2021\/11\/Exciting-Tallinn-Old-Town-Adventure-game_Renee-Altrov-200x300.jpg 200w, https:\/\/economyhotel.ee\/wp-content\/uploads\/2021\/11\/Exciting-Tallinn-Old-Town-Adventure-game_Renee-Altrov-768x1152.jpg 768w, https:\/\/economyhotel.ee\/wp-content\/uploads\/2021\/11\/Exciting-Tallinn-Old-Town-Adventure-game_Renee-Altrov-1024x1536.jpg 1024w, https:\/\/economyhotel.ee\/wp-content\/uploads\/2021\/11\/Exciting-Tallinn-Old-Town-Adventure-game_Renee-Altrov.jpg 1280w\" sizes=\"auto, (max-width: 683px) 100vw, 683px\" \/><\/figure>\n\n\n\n<figure class=\"wp-block-image size-large\"><img loading=\"lazy\" decoding=\"async\" width=\"1024\" height=\"683\" data-id=\"167\" src=\"https:\/\/www.economyhotel.ee\/wp-content\/uploads\/2021\/11\/Couple-looking-at-Christmas-market_Hans-Markus-Antson-1024x683.jpg\" alt=\"\" class=\"wp-image-167\" srcset=\"https:\/\/economyhotel.ee\/wp-content\/uploads\/2021\/11\/Couple-looking-at-Christmas-market_Hans-Markus-Antson-1024x683.jpg 1024w, https:\/\/economyhotel.ee\/wp-content\/uploads\/2021\/11\/Couple-looking-at-Christmas-market_Hans-Markus-Antson-300x200.jpg 300w, https:\/\/economyhotel.ee\/wp-content\/uploads\/2021\/11\/Couple-looking-at-Christmas-market_Hans-Markus-Antson-768x512.jpg 768w, https:\/\/economyhotel.ee\/wp-content\/uploads\/2021\/11\/Couple-looking-at-Christmas-market_Hans-Markus-Antson-1536x1024.jpg 1536w, https:\/\/economyhotel.ee\/wp-content\/uploads\/2021\/11\/Couple-looking-at-Christmas-market_Hans-Markus-Antson-1568x1045.jpg 1568w, https:\/\/economyhotel.ee\/wp-content\/uploads\/2021\/11\/Couple-looking-at-Christmas-market_Hans-Markus-Antson.jpg 1920w\" sizes=\"auto, (max-width: 1024px) 100vw, 1024px\" \/><\/figure>\n<\/figure>\n<\/div>\n<\/div>\n\n\n\n<hr class=\"wp-block-separator has-css-opacity\"\/>\n\n\n\n<div class=\"wp-block-columns alignfull are-vertically-aligned-center is-layout-flex wp-container-core-columns-is-layout-9d6595d7 wp-block-columns-is-layout-flex\">\n<div class=\"wp-block-column is-vertically-aligned-center is-layout-flow wp-block-column-is-layout-flow\" style=\"flex-basis:100%\">\n<div class=\"wp-block-columns is-layout-flex wp-container-core-columns-is-layout-9d6595d7 wp-block-columns-is-layout-flex\">\n<div class=\"wp-block-column is-layout-flow wp-block-column-is-layout-flow\" style=\"flex-basis:100%\">\n<div class=\"wp-block-webfactory-map aligncenter google-map-edhotels\"><div class=\"wp-block-webfactory-map\"><iframe loading=\"lazy\" width=\"100%\" height=\"449px\" src=\"https:\/\/www.google.com\/maps\/embed\/v1\/place?q=Economy%20hotel&amp;maptype=roadmap&amp;zoom=15&amp;key=AIzaSyDu21TpfU-MuEwU2kFMxIuyEP8nP1tAj4I\" frameborder=\"0\"><\/iframe><\/div><\/div>\n<\/div>\n<\/div>\n<\/div>\n<\/div>\n\n\n\n<div class=\"wp-block-columns alignfull is-layout-flex wp-container-core-columns-is-layout-9d6595d7 wp-block-columns-is-layout-flex\"><\/div>\n\n\n\n<p><\/p>\n","protected":false},"excerpt":{"rendered":"<p>Economy Hotel on ymp\u00e4rist\u00f6yst\u00e4v\u00e4llinen pieni hotelli Kalamajassa, vanhankaupungin, uudistuneen Balti Jaaman torin ja Telliskiven luovan kampuksen v\u00e4litt\u00f6m\u00e4ss\u00e4 l\u00e4heisyydess\u00e4. HUONEET Hotellin kolmessa kerroksessa on yhteensa 40 huonetta, joista on n\u00e4kym\u00e4t vanhaankaupunkiin, Kopli kadulle ja rakennuksen takapihalle. Kaikissa huoneissa on ilmainen Wi-Fi, ty\u00f6p\u00f6yt\u00e4, TV ja kylpyhuone suihkulla. Toisen kerroksen huoneissa on korkeat katot ja ikkunat, kolmannessa kerroksessa [&hellip;]<\/p>\n","protected":false},"author":1,"featured_media":0,"parent":0,"menu_order":0,"comment_status":"closed","ping_status":"closed","template":"","meta":{"inline_featured_image":false,"footnotes":""},"class_list":["post-970","page","type-page","status-publish","hentry"],"yoast_head":"<!-- This site is optimized with the Yoast SEO plugin v27.4 - https:\/\/yoast.com\/product\/yoast-seo-wordpress\/ -->\n<title>Economy Hotel - pieni helmi Tallinnan vanhankaupungin vieress\u00e4<\/title>\n<meta name=\"description\" content=\"Economy Hotel on ymp\u00e4rist\u00f6yst\u00e4v\u00e4llinen pieni hotelli Kalamajassa, vanhankaupungin, uudistuneen Balti Jaaman torin ja Telliskiven luovan kampuksen v\u00e4litt\u00f6m\u00e4ss\u00e4 l\u00e4heisyydess\u00e4.\" \/>\n<meta name=\"robots\" content=\"index, follow, max-snippet:-1, max-image-preview:large, max-video-preview:-1\" \/>\n<link rel=\"canonical\" href=\"https:\/\/www.economyhotel.ee\/fi\/\" \/>\n<meta property=\"og:locale\" content=\"fi_FI\" \/>\n<meta property=\"og:type\" content=\"article\" \/>\n<meta property=\"og:title\" content=\"Economy Hotel - pieni helmi Tallinnan vanhankaupungin vieress\u00e4\" \/>\n<meta property=\"og:description\" content=\"Economy Hotel on ymp\u00e4rist\u00f6yst\u00e4v\u00e4llinen pieni hotelli Kalamajassa, vanhankaupungin, uudistuneen Balti Jaaman torin ja Telliskiven luovan kampuksen v\u00e4litt\u00f6m\u00e4ss\u00e4 l\u00e4heisyydess\u00e4.\" \/>\n<meta property=\"og:url\" content=\"https:\/\/www.economyhotel.ee\/fi\/\" \/>\n<meta property=\"og:site_name\" content=\"Economy hotell\" \/>\n<meta property=\"article:modified_time\" content=\"2023-07-10T12:13:14+00:00\" \/>\n<meta property=\"og:image\" content=\"https:\/\/www.economyhotel.ee\/wp-content\/uploads\/2021\/11\/Tallinn-Christmas-Market_Sergei-Zjuganov.jpg\" \/>\n<meta name=\"twitter:card\" content=\"summary_large_image\" \/>\n<meta name=\"twitter:label1\" content=\"Arvioitu lukuaika\" \/>\n\t<meta name=\"twitter:data1\" content=\"1 minuutti\" \/>\n<script type=\"application\/ld+json\" class=\"yoast-schema-graph\">{\"@context\":\"https:\\\/\\\/schema.org\",\"@graph\":[{\"@type\":\"WebPage\",\"@id\":\"https:\\\/\\\/www.economyhotel.ee\\\/fi\\\/\",\"url\":\"https:\\\/\\\/www.economyhotel.ee\\\/fi\\\/\",\"name\":\"Economy Hotel - pieni helmi Tallinnan vanhankaupungin vieress\u00e4\",\"isPartOf\":{\"@id\":\"https:\\\/\\\/economyhotel.ee\\\/#website\"},\"primaryImageOfPage\":{\"@id\":\"https:\\\/\\\/www.economyhotel.ee\\\/fi\\\/#primaryimage\"},\"image\":{\"@id\":\"https:\\\/\\\/www.economyhotel.ee\\\/fi\\\/#primaryimage\"},\"thumbnailUrl\":\"https:\\\/\\\/www.economyhotel.ee\\\/wp-content\\\/uploads\\\/2021\\\/11\\\/Tallinn-Christmas-Market_Sergei-Zjuganov.jpg\",\"datePublished\":\"2021-11-15T14:52:47+00:00\",\"dateModified\":\"2023-07-10T12:13:14+00:00\",\"description\":\"Economy Hotel on ymp\u00e4rist\u00f6yst\u00e4v\u00e4llinen pieni hotelli Kalamajassa, vanhankaupungin, uudistuneen Balti Jaaman torin ja Telliskiven luovan kampuksen v\u00e4litt\u00f6m\u00e4ss\u00e4 l\u00e4heisyydess\u00e4.\",\"breadcrumb\":{\"@id\":\"https:\\\/\\\/www.economyhotel.ee\\\/fi\\\/#breadcrumb\"},\"inLanguage\":\"fi\",\"potentialAction\":[{\"@type\":\"ReadAction\",\"target\":[\"https:\\\/\\\/www.economyhotel.ee\\\/fi\\\/\"]}]},{\"@type\":\"ImageObject\",\"inLanguage\":\"fi\",\"@id\":\"https:\\\/\\\/www.economyhotel.ee\\\/fi\\\/#primaryimage\",\"url\":\"https:\\\/\\\/www.economyhotel.ee\\\/wp-content\\\/uploads\\\/2021\\\/11\\\/Tallinn-Christmas-Market_Sergei-Zjuganov.jpg\",\"contentUrl\":\"https:\\\/\\\/www.economyhotel.ee\\\/wp-content\\\/uploads\\\/2021\\\/11\\\/Tallinn-Christmas-Market_Sergei-Zjuganov.jpg\"},{\"@type\":\"BreadcrumbList\",\"@id\":\"https:\\\/\\\/www.economyhotel.ee\\\/fi\\\/#breadcrumb\",\"itemListElement\":[{\"@type\":\"ListItem\",\"position\":1,\"name\":\"Home\",\"item\":\"https:\\\/\\\/www.economyhotel.ee\\\/fi\\\/\"},{\"@type\":\"ListItem\",\"position\":2,\"name\":\"ETUSIVU\"}]},{\"@type\":\"WebSite\",\"@id\":\"https:\\\/\\\/economyhotel.ee\\\/#website\",\"url\":\"https:\\\/\\\/economyhotel.ee\\\/\",\"name\":\"Economy hotell\",\"description\":\"Economy Hotell Tallinn\",\"potentialAction\":[{\"@type\":\"SearchAction\",\"target\":{\"@type\":\"EntryPoint\",\"urlTemplate\":\"https:\\\/\\\/economyhotel.ee\\\/?s={search_term_string}\"},\"query-input\":{\"@type\":\"PropertyValueSpecification\",\"valueRequired\":true,\"valueName\":\"search_term_string\"}}],\"inLanguage\":\"fi\"}]}<\/script>\n<!-- \/ Yoast SEO plugin. -->","yoast_head_json":{"title":"Economy Hotel - pieni helmi Tallinnan vanhankaupungin vieress\u00e4","description":"Economy Hotel on ymp\u00e4rist\u00f6yst\u00e4v\u00e4llinen pieni hotelli Kalamajassa, vanhankaupungin, uudistuneen Balti Jaaman torin ja Telliskiven luovan kampuksen v\u00e4litt\u00f6m\u00e4ss\u00e4 l\u00e4heisyydess\u00e4.","robots":{"index":"index","follow":"follow","max-snippet":"max-snippet:-1","max-image-preview":"max-image-preview:large","max-video-preview":"max-video-preview:-1"},"canonical":"https:\/\/www.economyhotel.ee\/fi\/","og_locale":"fi_FI","og_type":"article","og_title":"Economy Hotel - pieni helmi Tallinnan vanhankaupungin vieress\u00e4","og_description":"Economy Hotel on ymp\u00e4rist\u00f6yst\u00e4v\u00e4llinen pieni hotelli Kalamajassa, vanhankaupungin, uudistuneen Balti Jaaman torin ja Telliskiven luovan kampuksen v\u00e4litt\u00f6m\u00e4ss\u00e4 l\u00e4heisyydess\u00e4.","og_url":"https:\/\/www.economyhotel.ee\/fi\/","og_site_name":"Economy hotell","article_modified_time":"2023-07-10T12:13:14+00:00","og_image":[{"url":"https:\/\/www.economyhotel.ee\/wp-content\/uploads\/2021\/11\/Tallinn-Christmas-Market_Sergei-Zjuganov.jpg","type":"","width":"","height":""}],"twitter_card":"summary_large_image","twitter_misc":{"Arvioitu lukuaika":"1 minuutti"},"schema":{"@context":"https:\/\/schema.org","@graph":[{"@type":"WebPage","@id":"https:\/\/www.economyhotel.ee\/fi\/","url":"https:\/\/www.economyhotel.ee\/fi\/","name":"Economy Hotel - pieni helmi Tallinnan vanhankaupungin vieress\u00e4","isPartOf":{"@id":"https:\/\/economyhotel.ee\/#website"},"primaryImageOfPage":{"@id":"https:\/\/www.economyhotel.ee\/fi\/#primaryimage"},"image":{"@id":"https:\/\/www.economyhotel.ee\/fi\/#primaryimage"},"thumbnailUrl":"https:\/\/www.economyhotel.ee\/wp-content\/uploads\/2021\/11\/Tallinn-Christmas-Market_Sergei-Zjuganov.jpg","datePublished":"2021-11-15T14:52:47+00:00","dateModified":"2023-07-10T12:13:14+00:00","description":"Economy Hotel on ymp\u00e4rist\u00f6yst\u00e4v\u00e4llinen pieni hotelli Kalamajassa, vanhankaupungin, uudistuneen Balti Jaaman torin ja Telliskiven luovan kampuksen v\u00e4litt\u00f6m\u00e4ss\u00e4 l\u00e4heisyydess\u00e4.","breadcrumb":{"@id":"https:\/\/www.economyhotel.ee\/fi\/#breadcrumb"},"inLanguage":"fi","potentialAction":[{"@type":"ReadAction","target":["https:\/\/www.economyhotel.ee\/fi\/"]}]},{"@type":"ImageObject","inLanguage":"fi","@id":"https:\/\/www.economyhotel.ee\/fi\/#primaryimage","url":"https:\/\/www.economyhotel.ee\/wp-content\/uploads\/2021\/11\/Tallinn-Christmas-Market_Sergei-Zjuganov.jpg","contentUrl":"https:\/\/www.economyhotel.ee\/wp-content\/uploads\/2021\/11\/Tallinn-Christmas-Market_Sergei-Zjuganov.jpg"},{"@type":"BreadcrumbList","@id":"https:\/\/www.economyhotel.ee\/fi\/#breadcrumb","itemListElement":[{"@type":"ListItem","position":1,"name":"Home","item":"https:\/\/www.economyhotel.ee\/fi\/"},{"@type":"ListItem","position":2,"name":"ETUSIVU"}]},{"@type":"WebSite","@id":"https:\/\/economyhotel.ee\/#website","url":"https:\/\/economyhotel.ee\/","name":"Economy hotell","description":"Economy Hotell Tallinn","potentialAction":[{"@type":"SearchAction","target":{"@type":"EntryPoint","urlTemplate":"https:\/\/economyhotel.ee\/?s={search_term_string}"},"query-input":{"@type":"PropertyValueSpecification","valueRequired":true,"valueName":"search_term_string"}}],"inLanguage":"fi"}]}},"_links":{"self":[{"href":"https:\/\/economyhotel.ee\/fi\/wp-json\/wp\/v2\/pages\/970","targetHints":{"allow":["GET"]}}],"collection":[{"href":"https:\/\/economyhotel.ee\/fi\/wp-json\/wp\/v2\/pages"}],"about":[{"href":"https:\/\/economyhotel.ee\/fi\/wp-json\/wp\/v2\/types\/page"}],"author":[{"embeddable":true,"href":"https:\/\/economyhotel.ee\/fi\/wp-json\/wp\/v2\/users\/1"}],"replies":[{"embeddable":true,"href":"https:\/\/economyhotel.ee\/fi\/wp-json\/wp\/v2\/comments?post=970"}],"version-history":[{"count":5,"href":"https:\/\/economyhotel.ee\/fi\/wp-json\/wp\/v2\/pages\/970\/revisions"}],"predecessor-version":[{"id":1635,"href":"https:\/\/economyhotel.ee\/fi\/wp-json\/wp\/v2\/pages\/970\/revisions\/1635"}],"wp:attachment":[{"href":"https:\/\/economyhotel.ee\/fi\/wp-json\/wp\/v2\/media?parent=970"}],"curies":[{"name":"wp","href":"https:\/\/api.w.org\/{rel}","templated":true}]}}