{"id":987,"date":"2021-12-14T12:43:21","date_gmt":"2021-12-14T12:43:21","guid":{"rendered":"https:\/\/www.economyhotel.ee\/uudised\/"},"modified":"2022-11-30T13:09:42","modified_gmt":"2022-11-30T13:09:42","slug":"uudised","status":"publish","type":"page","link":"https:\/\/economyhotel.ee\/en\/uudised\/","title":{"rendered":"NEWS"},"content":{"rendered":"\n<div class=\"wp-block-cover alignfull\"><span aria-hidden=\"true\" class=\"wp-block-cover__background has-background-dim-10 has-background-dim\"><\/span><img loading=\"lazy\" decoding=\"async\" width=\"1920\" height=\"1280\" class=\"wp-block-cover__image-background wp-image-550\" alt=\"\" src=\"https:\/\/www.economyhotel.ee\/wp-content\/uploads\/2021\/11\/Tram-in-Kalamaja_Rasmus-Jurkatam-3.jpg\" data-object-fit=\"cover\" srcset=\"https:\/\/economyhotel.ee\/wp-content\/uploads\/2021\/11\/Tram-in-Kalamaja_Rasmus-Jurkatam-3.jpg 1920w, https:\/\/economyhotel.ee\/wp-content\/uploads\/2021\/11\/Tram-in-Kalamaja_Rasmus-Jurkatam-3-300x200.jpg 300w, https:\/\/economyhotel.ee\/wp-content\/uploads\/2021\/11\/Tram-in-Kalamaja_Rasmus-Jurkatam-3-1024x683.jpg 1024w, https:\/\/economyhotel.ee\/wp-content\/uploads\/2021\/11\/Tram-in-Kalamaja_Rasmus-Jurkatam-3-768x512.jpg 768w, https:\/\/economyhotel.ee\/wp-content\/uploads\/2021\/11\/Tram-in-Kalamaja_Rasmus-Jurkatam-3-1536x1024.jpg 1536w, https:\/\/economyhotel.ee\/wp-content\/uploads\/2021\/11\/Tram-in-Kalamaja_Rasmus-Jurkatam-3-1568x1045.jpg 1568w\" sizes=\"auto, (max-width: 1920px) 100vw, 1920px\" \/><div class=\"wp-block-cover__inner-container is-layout-flow wp-block-cover-is-layout-flow\">\n<h1 class=\"has-text-align-center wp-block-heading\">UUDISED<\/h1>\n\n\n\n<p><\/p>\n<\/div><\/div>\n\n<div style=\"height:5px\" aria-hidden=\"true\" class=\"wp-block-spacer\"><\/div>\n\n<div class=\"wp-block-columns alignwide are-vertically-aligned-top has-background is-layout-flex wp-container-core-columns-is-layout-9d6595d7 wp-block-columns-is-layout-flex\" style=\"background-color:#eadbd7\">\n<div class=\"wp-block-column is-vertically-aligned-top is-layout-flow wp-block-column-is-layout-flow\">\n<div class=\"wp-block-columns is-layout-flex wp-container-core-columns-is-layout-9d6595d7 wp-block-columns-is-layout-flex\">\n<div class=\"wp-block-column is-layout-flow wp-block-column-is-layout-flow\">\n<div class=\"wp-block-columns is-layout-flex wp-container-core-columns-is-layout-9d6595d7 wp-block-columns-is-layout-flex\">\n<div class=\"wp-block-column is-layout-flow wp-block-column-is-layout-flow\">\n<figure class=\"wp-block-image size-medium\"><img loading=\"lazy\" decoding=\"async\" width=\"300\" height=\"300\" src=\"https:\/\/www.economyhotel.ee\/wp-content\/uploads\/2021\/11\/siin_on_turvaline-1-300x300.png\" alt=\"\" class=\"wp-image-616\"\/><\/figure>\n\n\n\n<h2 class=\"wp-block-heading\">&#8220;Siin on COVID-19 turvaline&#8221;<\/h2>\n\n\n\n<p>Visit Tallinna poolt v\u00e4lja antud m\u00e4rgisega &#8220;Siin on COVID-19 turvaline&#8221; kinnitame, et j\u00e4rgime meie tegutsemisvaldkonnale kehtestatud Vabariigi Valitsuse korraldusi ja Terviseameti juhiseid, hoiame end nende j\u00e4rgimiseks infoga pidevalt kursis ning aitame k\u00fclastajatel t\u00e4ita kohapeal viiruse v\u00e4ltimise reegleid.<\/p>\n\n\n\n<p><\/p>\n<\/div>\n<\/div>\n<\/div>\n<\/div>\n<\/div>\n\n\n\n<div class=\"wp-block-column is-vertically-aligned-top is-layout-flow wp-block-column-is-layout-flow\">\n<figure class=\"wp-block-image size-large\"><img loading=\"lazy\" decoding=\"async\" width=\"1024\" height=\"684\" src=\"https:\/\/www.economyhotel.ee\/wp-content\/uploads\/2021\/11\/economy_hotel_3-3-1024x684.jpg\" alt=\"\" class=\"wp-image-699\" srcset=\"https:\/\/economyhotel.ee\/wp-content\/uploads\/2021\/11\/economy_hotel_3-3-1024x684.jpg 1024w, https:\/\/economyhotel.ee\/wp-content\/uploads\/2021\/11\/economy_hotel_3-3-300x200.jpg 300w, https:\/\/economyhotel.ee\/wp-content\/uploads\/2021\/11\/economy_hotel_3-3-768x513.jpg 768w, https:\/\/economyhotel.ee\/wp-content\/uploads\/2021\/11\/economy_hotel_3-3-1536x1025.jpg 1536w, https:\/\/economyhotel.ee\/wp-content\/uploads\/2021\/11\/economy_hotel_3-3-1568x1047.jpg 1568w, https:\/\/economyhotel.ee\/wp-content\/uploads\/2021\/11\/economy_hotel_3-3.jpg 2048w\" sizes=\"auto, (max-width: 1024px) 100vw, 1024px\" \/><\/figure>\n\n\n\n<h2 class=\"wp-block-heading\">UUS KODULEHT ON VALMIS<\/h2>\n\n\n\n<p><a rel=\"noreferrer noopener\" href=\"https:\/\/www.edhotels.com\/\" data-type=\"URL\" data-id=\"https:\/\/www.edhotels.com\/\" target=\"_blank\">ED for hotels<\/a> on valmis saanud meie uue kodulehe. Selle puhul kingime Teile kallid kliendid 20% allahindluse majutusele<br\/>Allahindluse saamiseks:<br\/>\u2022 Tee majutuse broneering l\u00e4bi meie kodulehe;<br\/>\u2022 Broneerimisel kasuta sooduskood EDhotels;<br\/>\u2022 Mitut allahindlust ei saa korraga kasutada;<br\/>\u2022 Pakkumine kehtib kuni 31.03.2022 ja majutumisega kuni 31.05.2022.a<\/p>\n\n\n\n<div class=\"wp-block-buttons is-layout-flex wp-block-buttons-is-layout-flex\">\n<div class=\"wp-block-button\"><a class=\"wp-block-button__link has-background wp-element-button\" href=\"https:\/\/bouk.io\/booking\/economy\/347\/rate\/2849?language=et&amp;adults=2&amp;code=EDhotels&amp;skip=1\" style=\"background-color:#6f6c9e\">BOOK<\/a><\/div>\n<\/div>\n<\/div>\n<\/div>\n\n<div class=\"wp-block-columns alignwide are-vertically-aligned-top has-background is-layout-flex wp-container-core-columns-is-layout-9d6595d7 wp-block-columns-is-layout-flex\" style=\"background-color:#eadbd7\">\n<div class=\"wp-block-column is-vertically-aligned-top is-layout-flow wp-block-column-is-layout-flow\">\n<div class=\"wp-block-columns is-layout-flex wp-container-core-columns-is-layout-9d6595d7 wp-block-columns-is-layout-flex\">\n<div class=\"wp-block-column is-layout-flow wp-block-column-is-layout-flow\">\n<div class=\"wp-block-columns is-layout-flex wp-container-core-columns-is-layout-9d6595d7 wp-block-columns-is-layout-flex\">\n<div class=\"wp-block-column is-layout-flow wp-block-column-is-layout-flow\">\n<figure class=\"wp-block-image size-large\"><img loading=\"lazy\" decoding=\"async\" width=\"1024\" height=\"684\" src=\"https:\/\/www.economyhotel.ee\/wp-content\/uploads\/2021\/12\/twin_1_economy_hotel-1024x684.jpg\" alt=\"\" class=\"wp-image-795\" srcset=\"https:\/\/economyhotel.ee\/wp-content\/uploads\/2021\/12\/twin_1_economy_hotel-1024x684.jpg 1024w, https:\/\/economyhotel.ee\/wp-content\/uploads\/2021\/12\/twin_1_economy_hotel-300x200.jpg 300w, https:\/\/economyhotel.ee\/wp-content\/uploads\/2021\/12\/twin_1_economy_hotel-768x513.jpg 768w, https:\/\/economyhotel.ee\/wp-content\/uploads\/2021\/12\/twin_1_economy_hotel-1536x1025.jpg 1536w, https:\/\/economyhotel.ee\/wp-content\/uploads\/2021\/12\/twin_1_economy_hotel-1568x1047.jpg 1568w, https:\/\/economyhotel.ee\/wp-content\/uploads\/2021\/12\/twin_1_economy_hotel.jpg 2048w\" sizes=\"auto, (max-width: 1024px) 100vw, 1024px\" \/><\/figure>\n\n\n\n<h2 class=\"wp-block-heading\">KOOST\u00d6\u00d6 GOWORKABITiga<\/h2>\n\n\n\n<p>Koost\u00f6\u00f6s <a rel=\"noreferrer noopener\" href=\"https:\/\/goworkabit.com\/\" data-type=\"URL\" data-id=\"https:\/\/goworkabit.com\/\" target=\"_blank\">GoWorkabit<\/a>iga valmis uus muusikavideo <a rel=\"noreferrer noopener\" href=\"https:\/\/www.facebook.com\/kaisalingthing\/\" data-type=\"URL\" data-id=\"https:\/\/www.facebook.com\/kaisalingthing\/\" target=\"_blank\">Kaisa Ling Thingi<\/a> laulule \u201c<a href=\"https:\/\/youtu.be\/x5XZGteRqxM\" target=\"_blank\" rel=\"noreferrer noopener\">Kuul rauas<\/a>\u201d.<br\/>Esmaesitlus toimus rahvusvahelisel inim\u00f5iguste p\u00e4eval, reedel, 10. detsembril, <a rel=\"noreferrer noopener\" href=\"https:\/\/www.facebook.com\/goworkabit\/\" data-type=\"URL\" data-id=\"https:\/\/www.facebook.com\/goworkabit\/\" target=\"_blank\">Goworkabit<\/a>i Paindliku T\u00f6\u00f6 P\u00e4eva raames.<br\/>Kui sinulgi on soov avastada midagi huvitavat t\u00f6\u00f6turul ja saada uusi teadmisi ning k\u00f5igele lisaks ka teenida vajalikku lisaraha siis saada meile oma sooviavaldus siit.<\/p>\n\n\n\n<p><\/p>\n<\/div>\n<\/div>\n<\/div>\n<\/div>\n<\/div>\n<\/div>\n\n<hr class=\"wp-block-separator has-css-opacity\"\/>\n\n<p><\/p>\n","protected":false},"excerpt":{"rendered":"<p>&#8220;Siin on COVID-19 turvaline&#8221; Visit Tallinna poolt v\u00e4lja antud m\u00e4rgisega &#8220;Siin on COVID-19 turvaline&#8221; kinnitame, et j\u00e4rgime meie tegutsemisvaldkonnale kehtestatud Vabariigi Valitsuse korraldusi ja Terviseameti juhiseid, hoiame end nende j\u00e4rgimiseks infoga pidevalt kursis ning aitame k\u00fclastajatel t\u00e4ita kohapeal viiruse v\u00e4ltimise reegleid. UUS KODULEHT ON VALMIS ED for hotels on valmis saanud meie uue kodulehe. Selle [&hellip;]<\/p>\n","protected":false},"author":2,"featured_media":0,"parent":0,"menu_order":0,"comment_status":"closed","ping_status":"closed","template":"","meta":{"inline_featured_image":false,"footnotes":""},"class_list":["post-987","page","type-page","status-publish","hentry"],"yoast_head":"<!-- This site is optimized with the Yoast SEO plugin v27.4 - https:\/\/yoast.com\/product\/yoast-seo-wordpress\/ -->\n<title>NEWS - Economy hotell<\/title>\n<meta name=\"robots\" content=\"index, follow, max-snippet:-1, max-image-preview:large, max-video-preview:-1\" \/>\n<link rel=\"canonical\" href=\"https:\/\/economyhotel.ee\/en\/uudised\/\" \/>\n<meta property=\"og:locale\" content=\"en_US\" \/>\n<meta property=\"og:type\" content=\"article\" \/>\n<meta property=\"og:title\" content=\"NEWS - Economy hotell\" \/>\n<meta property=\"og:description\" content=\"&#8220;Siin on COVID-19 turvaline&#8221; Visit Tallinna poolt v\u00e4lja antud m\u00e4rgisega &#8220;Siin on COVID-19 turvaline&#8221; kinnitame, et j\u00e4rgime meie tegutsemisvaldkonnale kehtestatud Vabariigi Valitsuse korraldusi ja Terviseameti juhiseid, hoiame end nende j\u00e4rgimiseks infoga pidevalt kursis ning aitame k\u00fclastajatel t\u00e4ita kohapeal viiruse v\u00e4ltimise reegleid. UUS KODULEHT ON VALMIS ED for hotels on valmis saanud meie uue kodulehe. Selle [&hellip;]\" \/>\n<meta property=\"og:url\" content=\"https:\/\/economyhotel.ee\/en\/uudised\/\" \/>\n<meta property=\"og:site_name\" content=\"Economy hotell\" \/>\n<meta property=\"article:modified_time\" content=\"2022-11-30T13:09:42+00:00\" \/>\n<meta property=\"og:image\" content=\"https:\/\/www.economyhotel.ee\/wp-content\/uploads\/2021\/11\/Tram-in-Kalamaja_Rasmus-Jurkatam-3.jpg\" \/>\n<meta name=\"twitter:card\" content=\"summary_large_image\" \/>\n<meta name=\"twitter:label1\" content=\"Est. reading time\" \/>\n\t<meta name=\"twitter:data1\" content=\"2 minutes\" \/>\n<script type=\"application\/ld+json\" class=\"yoast-schema-graph\">{\"@context\":\"https:\\\/\\\/schema.org\",\"@graph\":[{\"@type\":\"WebPage\",\"@id\":\"https:\\\/\\\/economyhotel.ee\\\/en\\\/uudised\\\/\",\"url\":\"https:\\\/\\\/economyhotel.ee\\\/en\\\/uudised\\\/\",\"name\":\"NEWS - Economy hotell\",\"isPartOf\":{\"@id\":\"https:\\\/\\\/economyhotel.ee\\\/#website\"},\"primaryImageOfPage\":{\"@id\":\"https:\\\/\\\/economyhotel.ee\\\/en\\\/uudised\\\/#primaryimage\"},\"image\":{\"@id\":\"https:\\\/\\\/economyhotel.ee\\\/en\\\/uudised\\\/#primaryimage\"},\"thumbnailUrl\":\"https:\\\/\\\/www.economyhotel.ee\\\/wp-content\\\/uploads\\\/2021\\\/11\\\/Tram-in-Kalamaja_Rasmus-Jurkatam-3.jpg\",\"datePublished\":\"2021-12-14T12:43:21+00:00\",\"dateModified\":\"2022-11-30T13:09:42+00:00\",\"breadcrumb\":{\"@id\":\"https:\\\/\\\/economyhotel.ee\\\/en\\\/uudised\\\/#breadcrumb\"},\"inLanguage\":\"en-US\",\"potentialAction\":[{\"@type\":\"ReadAction\",\"target\":[\"https:\\\/\\\/economyhotel.ee\\\/en\\\/uudised\\\/\"]}]},{\"@type\":\"ImageObject\",\"inLanguage\":\"en-US\",\"@id\":\"https:\\\/\\\/economyhotel.ee\\\/en\\\/uudised\\\/#primaryimage\",\"url\":\"https:\\\/\\\/www.economyhotel.ee\\\/wp-content\\\/uploads\\\/2021\\\/11\\\/Tram-in-Kalamaja_Rasmus-Jurkatam-3.jpg\",\"contentUrl\":\"https:\\\/\\\/www.economyhotel.ee\\\/wp-content\\\/uploads\\\/2021\\\/11\\\/Tram-in-Kalamaja_Rasmus-Jurkatam-3.jpg\"},{\"@type\":\"BreadcrumbList\",\"@id\":\"https:\\\/\\\/economyhotel.ee\\\/en\\\/uudised\\\/#breadcrumb\",\"itemListElement\":[{\"@type\":\"ListItem\",\"position\":1,\"name\":\"Home\",\"item\":\"https:\\\/\\\/economyhotel.ee\\\/en\\\/\"},{\"@type\":\"ListItem\",\"position\":2,\"name\":\"NEWS\"}]},{\"@type\":\"WebSite\",\"@id\":\"https:\\\/\\\/economyhotel.ee\\\/#website\",\"url\":\"https:\\\/\\\/economyhotel.ee\\\/\",\"name\":\"Economy hotell\",\"description\":\"Economy Hotell Tallinn\",\"potentialAction\":[{\"@type\":\"SearchAction\",\"target\":{\"@type\":\"EntryPoint\",\"urlTemplate\":\"https:\\\/\\\/economyhotel.ee\\\/?s={search_term_string}\"},\"query-input\":{\"@type\":\"PropertyValueSpecification\",\"valueRequired\":true,\"valueName\":\"search_term_string\"}}],\"inLanguage\":\"en-US\"}]}<\/script>\n<!-- \/ Yoast SEO plugin. -->","yoast_head_json":{"title":"NEWS - Economy hotell","robots":{"index":"index","follow":"follow","max-snippet":"max-snippet:-1","max-image-preview":"max-image-preview:large","max-video-preview":"max-video-preview:-1"},"canonical":"https:\/\/economyhotel.ee\/en\/uudised\/","og_locale":"en_US","og_type":"article","og_title":"NEWS - Economy hotell","og_description":"&#8220;Siin on COVID-19 turvaline&#8221; Visit Tallinna poolt v\u00e4lja antud m\u00e4rgisega &#8220;Siin on COVID-19 turvaline&#8221; kinnitame, et j\u00e4rgime meie tegutsemisvaldkonnale kehtestatud Vabariigi Valitsuse korraldusi ja Terviseameti juhiseid, hoiame end nende j\u00e4rgimiseks infoga pidevalt kursis ning aitame k\u00fclastajatel t\u00e4ita kohapeal viiruse v\u00e4ltimise reegleid. UUS KODULEHT ON VALMIS ED for hotels on valmis saanud meie uue kodulehe. Selle [&hellip;]","og_url":"https:\/\/economyhotel.ee\/en\/uudised\/","og_site_name":"Economy hotell","article_modified_time":"2022-11-30T13:09:42+00:00","og_image":[{"url":"https:\/\/www.economyhotel.ee\/wp-content\/uploads\/2021\/11\/Tram-in-Kalamaja_Rasmus-Jurkatam-3.jpg","type":"","width":"","height":""}],"twitter_card":"summary_large_image","twitter_misc":{"Est. reading time":"2 minutes"},"schema":{"@context":"https:\/\/schema.org","@graph":[{"@type":"WebPage","@id":"https:\/\/economyhotel.ee\/en\/uudised\/","url":"https:\/\/economyhotel.ee\/en\/uudised\/","name":"NEWS - Economy hotell","isPartOf":{"@id":"https:\/\/economyhotel.ee\/#website"},"primaryImageOfPage":{"@id":"https:\/\/economyhotel.ee\/en\/uudised\/#primaryimage"},"image":{"@id":"https:\/\/economyhotel.ee\/en\/uudised\/#primaryimage"},"thumbnailUrl":"https:\/\/www.economyhotel.ee\/wp-content\/uploads\/2021\/11\/Tram-in-Kalamaja_Rasmus-Jurkatam-3.jpg","datePublished":"2021-12-14T12:43:21+00:00","dateModified":"2022-11-30T13:09:42+00:00","breadcrumb":{"@id":"https:\/\/economyhotel.ee\/en\/uudised\/#breadcrumb"},"inLanguage":"en-US","potentialAction":[{"@type":"ReadAction","target":["https:\/\/economyhotel.ee\/en\/uudised\/"]}]},{"@type":"ImageObject","inLanguage":"en-US","@id":"https:\/\/economyhotel.ee\/en\/uudised\/#primaryimage","url":"https:\/\/www.economyhotel.ee\/wp-content\/uploads\/2021\/11\/Tram-in-Kalamaja_Rasmus-Jurkatam-3.jpg","contentUrl":"https:\/\/www.economyhotel.ee\/wp-content\/uploads\/2021\/11\/Tram-in-Kalamaja_Rasmus-Jurkatam-3.jpg"},{"@type":"BreadcrumbList","@id":"https:\/\/economyhotel.ee\/en\/uudised\/#breadcrumb","itemListElement":[{"@type":"ListItem","position":1,"name":"Home","item":"https:\/\/economyhotel.ee\/en\/"},{"@type":"ListItem","position":2,"name":"NEWS"}]},{"@type":"WebSite","@id":"https:\/\/economyhotel.ee\/#website","url":"https:\/\/economyhotel.ee\/","name":"Economy hotell","description":"Economy Hotell Tallinn","potentialAction":[{"@type":"SearchAction","target":{"@type":"EntryPoint","urlTemplate":"https:\/\/economyhotel.ee\/?s={search_term_string}"},"query-input":{"@type":"PropertyValueSpecification","valueRequired":true,"valueName":"search_term_string"}}],"inLanguage":"en-US"}]}},"_links":{"self":[{"href":"https:\/\/economyhotel.ee\/en\/wp-json\/wp\/v2\/pages\/987","targetHints":{"allow":["GET"]}}],"collection":[{"href":"https:\/\/economyhotel.ee\/en\/wp-json\/wp\/v2\/pages"}],"about":[{"href":"https:\/\/economyhotel.ee\/en\/wp-json\/wp\/v2\/types\/page"}],"author":[{"embeddable":true,"href":"https:\/\/economyhotel.ee\/en\/wp-json\/wp\/v2\/users\/2"}],"replies":[{"embeddable":true,"href":"https:\/\/economyhotel.ee\/en\/wp-json\/wp\/v2\/comments?post=987"}],"version-history":[{"count":5,"href":"https:\/\/economyhotel.ee\/en\/wp-json\/wp\/v2\/pages\/987\/revisions"}],"predecessor-version":[{"id":1507,"href":"https:\/\/economyhotel.ee\/en\/wp-json\/wp\/v2\/pages\/987\/revisions\/1507"}],"wp:attachment":[{"href":"https:\/\/economyhotel.ee\/en\/wp-json\/wp\/v2\/media?parent=987"}],"curies":[{"name":"wp","href":"https:\/\/api.w.org\/{rel}","templated":true}]}}